{"id":404,"date":"2024-06-09T20:00:00","date_gmt":"2024-06-09T11:00:00","guid":{"rendered":"https:\/\/yokohama.art.museum\/?page_id=223"},"modified":"2026-03-23T09:33:03","modified_gmt":"2026-03-23T00:33:03","slug":"collection","status":"publish","type":"page","link":"https:\/\/yokohama.art.museum\/eng\/collection\/","title":{"rendered":"Collection"},"content":{"rendered":"\n<!-- \u30ea\u30c0\u30a4\u30ec\u30af\u30c8 -->\n<!-- <meta http-equiv=\"refresh\" content=\"0;URL=\/eng\/collection\/\"> -->\n\n      <section class=\"highlightBlock\">\n        <div class=\"highlightBlock__inner\">\n          <div class=\"headlineBox\">\n            <h1>Collection Highlights<\/h1>\n          <\/div>\n          <div class=\"highlightBlock__inner__set\">\n            <div class=\"txtBox\">\n              <p>A selection of the Yokohama Museum of Art&#8217;s highlight artworks.<\/p>\n              <p><!--<a href=\"\/wp-content\/themes\/yokobi-eng\/assets\/pdf\/yokohamatriennale_collection2024.pdf\" target=\"_blank\" class=\"arrowLink\" rel=\"noopener\">The Collection Currently on View<img decoding=\"async\" src=\"\/wp-content\/themes\/yokobi-eng\/assets\/images\/common\/ico_pdf.svg\" class=\"pdfBtn\"><\/a><br>-->\n              <a href=\"\/eng\/exhibition\/\" class=\"arrowLink\">Exhibitions Currently on View<\/a><!--<br>* Please note that our collection highlights below are currently not on show.-->\n            <\/p>\n            <\/div>\n            <div class=\"setBox\">\n              <div class=\"setBox__item\">\n                <a href=\"https:\/\/inventory.yokohama.art.museum\/eng\/4949\" target=\"_blank\" rel=\"noopener\">\n                  <figure><img decoding=\"async\" src=\"\/wp-content\/themes\/yokobi-eng\/assets\/images\/about\/collection\/highlight\/pht01.jpg\" alt=\"Isamu NOGUCHI \u201cSun at Midnight\u201d\"><\/figure>\n<!--<div class=\"setBox__item__tag\">\n                    <ul>\n                      <li>On view in Collection Exhibition<\/li>\n                    <\/ul>\n                  <\/div>-->\n                  <div class=\"setBox__item__txt\">\n                    <h3>Isamu NOGUCHI, \u201cSun at Midnight\u201d<\/h3>\n                    <p>1989<\/p>\n                    <p class=\"smallTxt\">&copy; 2023 The Isamu Noguchi Foundation and Garden Museum\/ARS, New York\/ JASPAR, Tokyo C4422<\/p>\n                  <\/div>\n                <\/a>\n              <\/div>\n              <div class=\"setBox__item\">\n                <a href=\"https:\/\/inventory.yokohama.art.museum\/eng\/3144\" target=\"_blank\" rel=\"noopener\">\n                  <figure><img decoding=\"async\" src=\"\/wp-content\/themes\/yokobi-eng\/assets\/images\/about\/collection\/highlight\/pht02.jpg\" alt=\"Pablo PICASSO \u201cWoman Sleeping in a Chair\u201d\"><\/figure>\n<!--<div class=\"setBox__item__tag\">\n                    <ul>\n                      <li>On view in Collection Exhibition<\/li>\n                    <\/ul>\n                  <\/div>-->\n                  <div class=\"setBox__item__txt\">\n                    <h3>Pablo PICASSO, \u201cWoman Sleeping in a Chair\u201d<\/h3>\n                    <p>1927<\/p>\n                    <p class=\"smallTxt\">&copy; 2023 &#8211; Succession Pablo Picasso &#8211; BCF (JAPAN)<\/p>\n                  <\/div>\n                <\/a>\n              <\/div>\n              <div class=\"setBox__item\">\n                <a href=\"https:\/\/inventory.yokohama.art.museum\/eng\/2337\" target=\"_blank\" rel=\"noopener\">\n                  <figure><img decoding=\"async\" src=\"\/wp-content\/themes\/yokobi-eng\/assets\/images\/about\/collection\/highlight\/pht03.jpg\" alt=\"Salvador DAL\u00cd \u201cMural Painting for Helena Rubinstein \u2018Fantastic Landscape\u2014Heroic Noon\u2019\u201d\"><\/figure>\n<!--<div class=\"setBox__item__tag\">\n                    <ul>\n                      <li>On view in Collection Exhibition<\/li>\n                    <\/ul>\n                  <\/div>-->\n                  <div class=\"setBox__item__txt\">\n                    <h3>Salvador DAL\u00cd, \u201cMural Painting for Helena Rubinstein \u2018Fantastic Landscape\u2014Heroic Noon\u2019\u201d<\/h3>\n                    <p>1942\/43<\/p>\n                    <p class=\"smallTxt\">&copy; Salvador Dal\u00ed, Fundaci\u00f3 Gala-Salvador Dal\u00ed, JASPAR, Tokyo, 2023 C4422<\/p>\n                  <\/div>\n                <\/a>\n              <\/div>\n              <div class=\"setBox__item\">\n                <a href=\"https:\/\/inventory.yokohama.art.museum\/eng\/3141\" target=\"_blank\" rel=\"noopener\">\n                  <figure><img decoding=\"async\" src=\"\/wp-content\/themes\/yokobi-eng\/assets\/images\/about\/collection\/highlight\/pht04.jpg\" alt=\"Ren\u00e9 MAGRITTE \u201cThe Museum of the King\u201d\"><\/figure>\n<!--<div class=\"setBox__item__tag\">\n                    <ul>\n                      <li>On view in Collection Exhibition<\/li>\n                    <\/ul>\n                  <\/div>-->\n                  <div class=\"setBox__item__txt\">\n                    <h3>Ren\u00e9 MAGRITTE, \u201cThe Museum of the King\u201d<\/h3>\n                    <p>1966<\/p>\n                  <\/div>\n                <\/a>\n              <\/div>\n              <div class=\"setBox__item\">\n                <a href=\"https:\/\/inventory.yokohama.art.museum\/eng\/12265\" target=\"_blank\" rel=\"noopener\">\n                  <figure><img decoding=\"async\" src=\"\/wp-content\/themes\/yokobi-eng\/assets\/images\/about\/collection\/highlight\/pht05.jpg\" alt=\"NARA Yoshitomo \u201cMiss Spring\u201d\"><\/figure>\n<!--<div class=\"setBox__item__tag\">\n                    <ul>\n                      <li>On view in Collection Exhibition<\/li>\n                    <\/ul>\n                  <\/div>-->\n                  <div class=\"setBox__item__txt\">\n                    <h3>NARA Yoshitomo, \u201cMiss Spring\u201d<\/h3>\n                    <p>2012<\/p>\n                    <p class=\"smallTxt\">&copy;YoshitomoNara<\/p>\n                  <\/div>\n                <\/a>\n              <\/div>\n              <div class=\"setBox__item\">\n                <a href=\"https:\/\/inventory.yokohama.art.museum\/eng\/5270\" target=\"_blank\" rel=\"noopener\">\n                  <figure><img decoding=\"async\" src=\"\/wp-content\/themes\/yokobi-eng\/assets\/images\/about\/collection\/highlight\/pht06.jpg\" alt=\"Christian BOLTANSKI \u201cAltar to the Chases High School\u201d\"><\/figure>\n                  <div class=\"setBox__item__txt\">\n                    <h3>Christian BOLTANSKI, \u201cAltar to the Chases High School\u201d<\/h3>\n                    <p>1987<\/p>\n                    <p class=\"smallTxt\">&copy; ADAGP, Paris &#038; JASPAR, Tokyo, 2023 C4422<\/p>\n                  <\/div>\n                <\/a>\n              <\/div>\n              <div class=\"setBox__item\">\n                <a href=\"https:\/\/inventory.yokohama.art.museum\/eng\/2654\" target=\"_blank\" rel=\"noopener\">\n                  <figure><img decoding=\"async\" src=\"\/wp-content\/themes\/yokobi-eng\/assets\/images\/about\/collection\/highlight\/pht07.jpg\" alt=\"SHIMOMURA Kanzan \u201cMt. Ogura\u201d (above: right panel, below: left panel)\"><\/figure>\n                  <div class=\"setBox__item__txt\">\n                    <h3>SHIMOMURA Kanzan, \u201cMt. Ogura\u201d (above: right screen, below: left screen)<\/h3>\n                    <p>1909<\/p>\n                  <\/div>\n                <\/a>\n              <\/div>\n              <div class=\"setBox__item\">\n                <a href=\"https:\/\/inventory.yokohama.art.museum\/eng\/2600\" target=\"_blank\" rel=\"noopener\">\n                  <figure><img decoding=\"async\" src=\"\/wp-content\/themes\/yokobi-eng\/assets\/images\/about\/collection\/highlight\/pht08.jpg\" alt=\"HASEGAWA Kiyoshi \u201cStill Life, \u2018Time\u2019\u201d\"><\/figure>\n                  <div class=\"setBox__item__txt\">\n                    <h3>HASEGAWA Kiyoshi, \u201cStill Life, \u2018Time\u2019\u201d<\/h3>\n                    <p>1969\u3000ed. 2\/80<\/p>\n                  <\/div>\n                <\/a>\n              <\/div>\n              <div class=\"setBox__item\">\n                <a href=\"https:\/\/inventory.yokohama.art.museum\/eng\/7605\" target=\"_blank\" rel=\"noopener\">\n                  <figure><img decoding=\"async\" src=\"\/wp-content\/themes\/yokobi-eng\/assets\/images\/about\/collection\/highlight\/pht09.jpg\" alt=\"ISHIUCHI Miyako \u201cYokosuka Story #30: Hon-cho\u201d\"><\/figure>\n                  <div class=\"setBox__item__txt\">\n                    <h3>ISHIUCHI Miyako, \u201cYokosuka Story #30: Hon-cho\u201d<\/h3>\n                    <p>1976\u201377<\/p>\n                    <p class=\"smallTxt\">&copy;Ishiuchi Miyako<\/p>\n                  <\/div>\n                <\/a>\n              <\/div>\n              <div class=\"setBox__item\">\n                <a href=\"https:\/\/inventory.yokohama.art.museum\/eng\/838\" target=\"_blank\" rel=\"noopener\">\n                  <figure><img decoding=\"async\" src=\"\/wp-content\/themes\/yokobi-eng\/assets\/images\/about\/collection\/highlight\/pht10.jpg\" alt=\"KAWAKAMI Sumio \u201cNanban (European) Ship\u201d\"><\/figure>\n                  <div class=\"setBox__item__txt\">\n                    <h3>KAWAKAMI Sumio, \u201cNanban (European) Ship\u201d<\/h3>\n                    <p>1939<\/p>\n                  <\/div>\n                <\/a>\n              <\/div>\n              <div class=\"setBox__item\">\n                <a href=\"https:\/\/inventory.yokohama.art.museum\/eng\/1036\" target=\"_blank\" rel=\"noopener\">\n                  <figure><img decoding=\"async\" src=\"\/wp-content\/themes\/yokobi-eng\/assets\/images\/about\/collection\/highlight\/pht11.jpg\" alt=\"Felice BEATO \u201cView on the Tokaido, the Spot Where Mr. Richardson Was Murdered\u201d\"><\/figure>\n<!--<div class=\"setBox__item__tag\">\n                    <ul>\n                      <li>On view in Special Exhibition<\/li>\n                    <\/ul>\n                  <\/div>-->\n                  <div class=\"setBox__item__txt\">\n                    <h3>Felice BEATO, \u201cView on the Tokaido, the Spot Where Mr. Richardson Was Murdered\u201d<\/h3>\n                    <p>ca. 1863\u201370<\/p>\n                  <\/div>\n                <\/a>\n              <\/div>\n              <div class=\"setBox__item\">\n                <a href=\"https:\/\/inventory.yokohama.art.museum\/eng\/2334\" target=\"_blank\" rel=\"noopener\">\n                  <figure><img decoding=\"async\" src=\"\/wp-content\/themes\/yokobi-eng\/assets\/images\/about\/collection\/highlight\/pht12.jpg\" alt=\"YOKOYAMA Taikan \u201cSacred Mt. Fuji\u201d\"><\/figure>\n                  <div class=\"setBox__item__txt\">\n                    <h3>YOKOYAMA Taikan, \u201cSacred Mt. Fuji\u201d<\/h3>\n                    <p>ca. 1919<\/p>\n                  <\/div>\n                <\/a>\n              <\/div>\n              <!--<div class=\"setBox__item\">\n                <a href=\"https:\/\/inventory.yokohama.art.museum\/eng\/6424\" target=\"_blank\" rel=\"noopener\">\n                  <figure><img decoding=\"async\" src=\"\/wp-content\/themes\/yokobi-eng\/assets\/images\/about\/collection\/highlight\/pht13.jpg\" alt=\"KABURAKI Kiyokata \u201cCourtesan\u201d\"><\/figure>\n                  <div class=\"setBox__item__txt\">\n                    <h3>KABURAKI Kiyokata, \u201cCourtesan\u201d<\/h3>\n                    <p>1918<\/p>\n                  <\/div>\n                <\/a>\n              <\/div>-->\n              <div class=\"setBox__item\">\n                <a href=\"https:\/\/inventory.yokohama.art.museum\/eng\/3814\" target=\"_blank\" rel=\"noopener\">\n                  <figure><img decoding=\"async\" src=\"\/wp-content\/themes\/yokobi-eng\/assets\/images\/about\/collection\/highlight\/pht14.jpg\" alt=\"TANAKA Atsuko \u201cWork 67E\u201d\"><\/figure>\n                  <div class=\"setBox__item__txt\">\n                    <h3>TANAKA Atsuko, \u201cWork 67E\u201d<\/h3>\n                    <p>1967<\/p>\n                    <p class=\"smallTxt\">&copy; Kanayama Akira and Tanaka Atsuko Association<\/p>\n                  <\/div>\n                <\/a>\n              <\/div>\n              <div class=\"setBox__item\">\n                <a href=\"https:\/\/inventory.yokohama.art.museum\/eng\/11302\" target=\"_blank\" rel=\"noopener\">\n                  <figure><img decoding=\"async\" src=\"\/wp-content\/themes\/yokobi-eng\/assets\/images\/about\/collection\/highlight\/pht15.jpg\" alt=\"FUJITA Tsuguharu (L\u00e9onard FOUJITA) \u201cNude with Her Arm Up\u201d\"><\/figure>\n                  <div class=\"setBox__item__txt\">\n                    <h3>FUJITA Tsuguharu (L\u00e9onard FOUJITA), \u201cNude with Her Arm Up\u201d<\/h3>\n                    <p>1923<\/p>\n                    <p class=\"smallTxt\">&copy; Fondation Foujita \/ ADAGP, Paris &#038; JASPAR, Tokyo, 2023 C4422<\/p>\n                  <\/div>\n                <\/a>\n              <\/div>\n            <\/div>\n          <\/div>\n        <\/div>\n      <\/section>\n\n\n\n<div style=\"height:100px\" aria-hidden=\"true\" class=\"wp-block-spacer\"><\/div>\n","protected":false},"excerpt":{"rendered":"<p>Collection Highlights A selection of the Yokohama Museum of Art&#8217;s highlight artworks. Exhibitions Curren [&hellip;]<\/p>\n","protected":false},"author":2,"featured_media":0,"parent":0,"menu_order":35,"comment_status":"closed","ping_status":"closed","template":"template\/template-highlight.php","meta":{"_acf_changed":false,"footnotes":""},"class_list":["post-404","page","type-page","status-publish","hentry"],"acf":[],"aioseo_notices":[],"_links":{"self":[{"href":"https:\/\/yokohama.art.museum\/eng\/wp-json\/wp\/v2\/pages\/404","targetHints":{"allow":["GET"]}}],"collection":[{"href":"https:\/\/yokohama.art.museum\/eng\/wp-json\/wp\/v2\/pages"}],"about":[{"href":"https:\/\/yokohama.art.museum\/eng\/wp-json\/wp\/v2\/types\/page"}],"author":[{"embeddable":true,"href":"https:\/\/yokohama.art.museum\/eng\/wp-json\/wp\/v2\/users\/2"}],"replies":[{"embeddable":true,"href":"https:\/\/yokohama.art.museum\/eng\/wp-json\/wp\/v2\/comments?post=404"}],"version-history":[{"count":20,"href":"https:\/\/yokohama.art.museum\/eng\/wp-json\/wp\/v2\/pages\/404\/revisions"}],"predecessor-version":[{"id":6558,"href":"https:\/\/yokohama.art.museum\/eng\/wp-json\/wp\/v2\/pages\/404\/revisions\/6558"}],"wp:attachment":[{"href":"https:\/\/yokohama.art.museum\/eng\/wp-json\/wp\/v2\/media?parent=404"}],"curies":[{"name":"wp","href":"https:\/\/api.w.org\/{rel}","templated":true}]}}